{"id":1648,"date":"2023-03-27T14:30:59","date_gmt":"2023-03-27T12:30:59","guid":{"rendered":"http:\/\/couckhuyt.addf-demo.be\/?page_id=1648"},"modified":"2023-09-12T15:01:12","modified_gmt":"2023-09-12T13:01:12","slug":"condoleances","status":"publish","type":"page","link":"https:\/\/centrefunerairecouckhuyt.be\/index.php\/condoleances\/","title":{"rendered":"Condol\u00e9ances"},"content":{"rendered":"<div data-colibri-id=\"1648-c1\" class=\"style-1771 style-local-1648-c1 position-relative\">\r\n  <!---->\r\n  <div data-colibri-component=\"section\" data-colibri-id=\"1648-c2\" id=\"content\" class=\"h-section h-section-global-spacing d-flex align-items-lg-center align-items-md-center align-items-center style-1772 style-local-1648-c2 position-relative\">\r\n    <!---->\r\n    <!---->\r\n    <div class=\"h-section-grid-container h-section-boxed-container\">\r\n      <!---->\r\n      <div data-colibri-id=\"1648-c3\" class=\"h-row-container gutters-row-lg-2 gutters-row-md-2 gutters-row-2 gutters-row-v-lg-2 gutters-row-v-md-2 gutters-row-v-2 style-1773 style-local-1648-c3 position-relative\">\r\n        <!---->\r\n        <div class=\"h-row justify-content-lg-center justify-content-md-center justify-content-center align-items-lg-stretch align-items-md-stretch align-items-stretch gutters-col-lg-2 gutters-col-md-2 gutters-col-2 gutters-col-v-lg-2 gutters-col-v-md-2 gutters-col-v-2\">\r\n          <!---->\r\n          <div class=\"h-column h-column-container d-flex h-col-lg-auto h-col-md-auto h-col-auto style-1774-outer style-local-1648-c4-outer\">\r\n            <div data-colibri-id=\"1648-c4\" class=\"d-flex h-flex-basis h-column__inner h-px-lg-2 h-px-md-2 h-px-2 v-inner-lg-2 v-inner-md-2 v-inner-2 style-1774 style-local-1648-c4 position-relative\">\r\n              <!---->\r\n              <!---->\r\n              <div class=\"w-100 h-y-container h-column__content h-column__v-align flex-basis-100 align-self-lg-center align-self-md-center align-self-center\">\r\n                <!---->\r\n                <div data-colibri-id=\"1648-c5\" class=\"d-block style-1775 style-local-1648-c5 position-relative h-element\">\r\n                  <!---->\r\n                  <div class=\"h-image__frame-container-outer\">\r\n                    <div class=\"h-image__frame-container\">\r\n                      <!---->\r\n                      <!---->\r\n                      <img decoding=\"async\" width=\"760\" height=\"808\" data-src=\"http:\/\/couckhuyt.addf-demo.be\/wp-content\/uploads\/2019\/03\/cropped-pexels-photo-325682-2.jpg\" class=\"wp-image-1492 style-1775-image style-local-1648-c5-image lazyload\" alt=\"\" data-srcset=\"https:\/\/centrefunerairecouckhuyt.be\/wp-content\/uploads\/2019\/03\/cropped-pexels-photo-325682-2.jpg 760w, https:\/\/centrefunerairecouckhuyt.be\/wp-content\/uploads\/2019\/03\/cropped-pexels-photo-325682-2-282x300.jpg 282w\" data-sizes=\"(max-width: 760px) 100vw, 760px\" src=\"data:image\/svg+xml;base64,PHN2ZyB3aWR0aD0iMSIgaGVpZ2h0PSIxIiB4bWxucz0iaHR0cDovL3d3dy53My5vcmcvMjAwMC9zdmciPjwvc3ZnPg==\" style=\"--smush-placeholder-width: 760px; --smush-placeholder-aspect-ratio: 760\/808;\" \/>\r\n                      <div class=\"h-image__frame h-image__frame_shadow h-hide-sm style-1775-frameImage style-local-1648-c5-frameImage\"><\/div>\r\n                    <\/div>\r\n                  <\/div>\r\n                <\/div>\r\n              <\/div>\r\n            <\/div>\r\n          <\/div>\r\n          <div class=\"h-column h-column-container d-flex h-col-lg-auto h-col-md-auto h-col-auto style-1776-outer style-local-1648-c6-outer\">\r\n            <div data-colibri-id=\"1648-c6\" class=\"d-flex h-flex-basis h-column__inner h-px-lg-2 h-px-md-2 h-px-2 v-inner-lg-2 v-inner-md-2 v-inner-2 style-1776 style-local-1648-c6 position-relative\">\r\n              <!---->\r\n              <!---->\r\n              <div class=\"w-100 h-y-container h-column__content h-column__v-align flex-basis-100 align-self-lg-center align-self-md-center align-self-center\">\r\n                <!---->\r\n                <div data-colibri-id=\"1648-c7\" class=\"h-global-transition-all h-heading style-1777 style-local-1648-c7 position-relative h-element\">\r\n                  <!---->\r\n                  <div class=\"h-heading__outer style-1777 style-local-1648-c7\">\r\n                    <!---->\r\n                    <!---->\r\n                    <h3 class=\"\">Monsieur\r\n                      <br>Jean-Pierre LADRIERE<\/h3>\r\n                  <\/div>\r\n                <\/div>\r\n                <div data-colibri-id=\"1648-c8\" class=\"h-lead h-text h-text-component style-1778 style-local-1648-c8 position-relative h-element\">\r\n                  <!---->\r\n                  <!---->\r\n                  <div class=\"\">\r\n                    <p>Epoux de Madame Juliette DESTANCHES<\/p>\r\n                  <\/div>\r\n                <\/div>\r\n                <div data-colibri-id=\"1648-c9\" class=\"h-row-container gutters-row-lg-0 gutters-row-md-0 gutters-row-0 gutters-row-v-lg-0 gutters-row-v-md-0 gutters-row-v-0 style-1779 style-local-1648-c9 position-relative\">\r\n                  <!---->\r\n                  <div class=\"h-row justify-content-lg-center justify-content-md-center justify-content-center align-items-lg-stretch align-items-md-stretch align-items-stretch gutters-col-lg-0 gutters-col-md-0 gutters-col-0 gutters-col-v-lg-0 gutters-col-v-md-0 gutters-col-v-0\">\r\n                    <!---->\r\n                    <div class=\"h-column h-column-container d-flex h-col-lg-6 h-col-md-6 h-col-12 style-1780-outer style-local-1648-c10-outer\">\r\n                      <div data-colibri-id=\"1648-c10\" class=\"d-flex h-flex-basis h-column__inner h-px-lg-2 h-px-md-2 h-px-2 v-inner-lg-2 v-inner-md-2 v-inner-2 style-1780 style-local-1648-c10 position-relative\">\r\n                        <!---->\r\n                        <!---->\r\n                        <div class=\"w-100 h-y-container h-column__content h-column__v-align flex-basis-100 align-self-lg-start align-self-md-start align-self-start\">\r\n                          <!---->\r\n                          <div data-colibri-id=\"1648-c11\" class=\"h-global-transition-all h-heading style-1782 style-local-1648-c11 position-relative h-element\">\r\n                            <!---->\r\n                            <div class=\"h-heading__outer style-1782 style-local-1648-c11\">\r\n                              <!---->\r\n                              <!---->\r\n                              <h5 class=\"\">Lieu de repos<\/h5>\r\n                            <\/div>\r\n                          <\/div>\r\n                          <div data-colibri-id=\"1648-c12\" class=\"h-text h-text-component style-1783 style-local-1648-c12 position-relative h-element\">\r\n                            <!---->\r\n                            <!---->\r\n                            <div class=\"\">\r\n                              <p>Funerarium Couckhuyt\r\n                                <br>Chauss\u00e9e de Renaix 161\r\n                                <br>7912 Frasnes-Lez-Anvaing<\/p>\r\n                            <\/div>\r\n                          <\/div>\r\n                        <\/div>\r\n                      <\/div>\r\n                    <\/div>\r\n                    <div class=\"h-column h-column-container d-flex h-col-lg-6 h-col-md-6 h-col-12 style-1780-outer style-local-1648-c13-outer\">\r\n                      <div data-colibri-id=\"1648-c13\" class=\"d-flex h-flex-basis h-column__inner h-px-lg-2 h-px-md-2 h-px-2 v-inner-lg-2 v-inner-md-2 v-inner-2 style-1780 style-local-1648-c13 position-relative\">\r\n                        <!---->\r\n                        <!---->\r\n                        <div class=\"w-100 h-y-container h-column__content h-column__v-align flex-basis-100 align-self-lg-start align-self-md-start align-self-start\">\r\n                          <!---->\r\n                          <div data-colibri-id=\"1648-c14\" class=\"h-global-transition-all h-heading style-1782 style-local-1648-c14 position-relative h-element\">\r\n                            <!---->\r\n                            <div class=\"h-heading__outer style-1782 style-local-1648-c14\">\r\n                              <!---->\r\n                              <!---->\r\n                              <h5 class=\"\">C\u00e9r\u00e9monie<\/h5>\r\n                            <\/div>\r\n                          <\/div>\r\n                          <div data-colibri-id=\"1648-c15\" class=\"h-text h-text-component style-1783 style-local-1648-c15 position-relative h-element\">\r\n                            <!---->\r\n                            <!---->\r\n                            <div class=\"\">\r\n                              <p>Eglise Saint-Pierre \u00e0 Renaix\r\n                                <br>Le lundi 27 mars 2022 \u00e0 11h00<\/p>\r\n                            <\/div>\r\n                          <\/div>\r\n                        <\/div>\r\n                      <\/div>\r\n                    <\/div>\r\n                    <div class=\"h-column h-column-container d-flex h-col-lg-6 h-col-md-6 h-col-12 style-1780-outer style-local-1648-c16-outer\">\r\n                      <div data-colibri-id=\"1648-c16\" class=\"d-flex h-flex-basis h-column__inner h-px-lg-2 h-px-md-2 h-px-2 v-inner-lg-2 v-inner-md-2 v-inner-2 style-1780 style-local-1648-c16 position-relative\">\r\n                        <!---->\r\n                        <!---->\r\n                        <div class=\"w-100 h-y-container h-column__content h-column__v-align flex-basis-100 align-self-lg-start align-self-md-start align-self-start\">\r\n                          <!---->\r\n                          <div data-colibri-id=\"1648-c17\" class=\"h-global-transition-all h-heading style-1782 style-local-1648-c17 position-relative h-element\">\r\n                            <!---->\r\n                            <div class=\"h-heading__outer style-1782 style-local-1648-c17\">\r\n                              <!---->\r\n                              <!---->\r\n                              <h5 class=\"\">Visites<\/h5>\r\n                            <\/div>\r\n                          <\/div>\r\n                          <div data-colibri-id=\"1648-c18\" class=\"h-text h-text-component style-1783 style-local-1648-c18 position-relative h-element\">\r\n                            <!---->\r\n                            <!---->\r\n                            <div class=\"\">\r\n                              <p>Samedi 25 mars de 17h00 \u00e0 19h00\r\n                                <br>Dimanche 26 mars de 17h00 \u00e0 19h00\r\n                                <br>\r\n                                <br>\r\n                              <\/p>\r\n                            <\/div>\r\n                          <\/div>\r\n                        <\/div>\r\n                      <\/div>\r\n                    <\/div>\r\n                    <div class=\"h-column h-column-container d-flex h-col-lg-6 h-col-md-6 h-col-12 style-1780-outer style-local-1648-c19-outer\">\r\n                      <div data-colibri-id=\"1648-c19\" class=\"d-flex h-flex-basis h-column__inner h-px-lg-2 h-px-md-2 h-px-2 v-inner-lg-2 v-inner-md-2 v-inner-2 style-1780 style-local-1648-c19 position-relative\">\r\n                        <!---->\r\n                        <!---->\r\n                        <div class=\"w-100 h-y-container h-column__content h-column__v-align flex-basis-100 align-self-lg-start align-self-md-start align-self-start\">\r\n                          <!---->\r\n                          <div data-colibri-id=\"1648-c20\" class=\"h-global-transition-all h-heading style-1782 style-local-1648-c20 position-relative h-element\">\r\n                            <!---->\r\n                            <div class=\"h-heading__outer style-1782 style-local-1648-c20\">\r\n                              <!---->\r\n                              <!---->\r\n                              <h5 class=\"\">R\u00e9union<\/h5>\r\n                            <\/div>\r\n                          <\/div>\r\n                          <div data-colibri-id=\"1648-c21\" class=\"h-text h-text-component style-1783 style-local-1648-c21 position-relative h-element\">\r\n                            <!---->\r\n                            <!---->\r\n                            <div class=\"\">\r\n                              <p>Fun\u00e9rarium Couckhuyt\r\n                                <br>Le lundi 27 mars 2022 \u00e0 10h00<\/p>\r\n                            <\/div>\r\n                          <\/div>\r\n                        <\/div>\r\n                      <\/div>\r\n                    <\/div>\r\n                    <div class=\"h-column h-column-container d-flex h-col-lg-6 h-col-md-6 h-col-12 style-1780-outer style-local-1648-c22-outer\">\r\n                      <div data-colibri-id=\"1648-c22\" class=\"d-flex h-flex-basis h-column__inner h-px-lg-2 h-px-md-2 h-px-2 v-inner-lg-2 v-inner-md-2 v-inner-2 style-1780 style-local-1648-c22 position-relative\">\r\n                        <!---->\r\n                        <!---->\r\n                        <div class=\"w-100 h-y-container h-column__content h-column__v-align flex-basis-100 align-self-lg-start align-self-md-start align-self-start\">\r\n                          <!---->\r\n                          <div data-colibri-id=\"1648-c23\" class=\"h-global-transition-all h-heading style-1782 style-local-1648-c23 position-relative h-element\">\r\n                            <!---->\r\n                            <div class=\"h-heading__outer style-1782 style-local-1648-c23\">\r\n                              <!---->\r\n                              <!---->\r\n                              <h5 class=\"\">Cr\u00e9matorium <\/h5>\r\n                            <\/div>\r\n                          <\/div>\r\n                          <div data-colibri-id=\"1648-c24\" class=\"h-text h-text-component style-1783 style-local-1648-c24 position-relative h-element\">\r\n                            <!---->\r\n                            <!---->\r\n                            <div class=\"\">\r\n                              <p>Cr\u00e9matorium des Blancs Arbres\r\n                                <br>Le lundi 27 mars 2022 \u00e0 12h45<\/p>\r\n                            <\/div>\r\n                          <\/div>\r\n                        <\/div>\r\n                      <\/div>\r\n                    <\/div>\r\n                    <div class=\"h-column h-column-container d-flex h-col-lg-6 h-col-md-6 h-col-12 style-1780-outer style-local-1648-c25-outer\">\r\n                      <div data-colibri-id=\"1648-c25\" class=\"d-flex h-flex-basis h-column__inner h-px-lg-2 h-px-md-2 h-px-2 v-inner-lg-2 v-inner-md-2 v-inner-2 style-1780 style-local-1648-c25 position-relative\">\r\n                        <!---->\r\n                        <!---->\r\n                        <div class=\"w-100 h-y-container h-column__content h-column__v-align flex-basis-100 align-self-lg-start align-self-md-start align-self-start\">\r\n                          <!---->\r\n                          <div data-colibri-id=\"1648-c26\" class=\"h-global-transition-all h-heading style-1782 style-local-1648-c26 position-relative h-element\">\r\n                            <!---->\r\n                            <div class=\"h-heading__outer style-1782 style-local-1648-c26\">\r\n                              <!---->\r\n                              <!---->\r\n                              <h5 class=\"\">Cimeti\u00e8re <\/h5>\r\n                            <\/div>\r\n                          <\/div>\r\n                          <div data-colibri-id=\"1648-c27\" class=\"h-text h-text-component style-1783 style-local-1648-c27 position-relative h-element\">\r\n                            <!---->\r\n                            <!---->\r\n                            <div class=\"\">\r\n                              <p>Cimeti\u00e8re de Tournai\r\n                                <br>Le lundi 27 mars 2022 \u00e0 13h30<\/p>\r\n                            <\/div>\r\n                          <\/div>\r\n                        <\/div>\r\n                      <\/div>\r\n                    <\/div>\r\n                  <\/div>\r\n                <\/div>\r\n              <\/div>\r\n            <\/div>\r\n          <\/div>\r\n        <\/div>\r\n      <\/div>\r\n    <\/div>\r\n  <\/div>\r\n  <div data-colibri-component=\"section\" data-colibri-id=\"1648-c32\" id=\"custom\" class=\"h-section h-section-global-spacing d-flex align-items-lg-center align-items-md-center align-items-center style-1791 style-local-1648-c32 position-relative\">\r\n    <!---->\r\n    <!---->\r\n    <div class=\"h-section-grid-container h-section-boxed-container\">\r\n      <!---->\r\n      <div data-colibri-id=\"1648-c36\" class=\"h-row-container gutters-row-lg-2 gutters-row-md-2 gutters-row-0 gutters-row-v-lg-2 gutters-row-v-md-2 gutters-row-v-2 style-1795 style-local-1648-c36 position-relative\">\r\n        <!---->\r\n        <div class=\"h-row justify-content-lg-center justify-content-md-center justify-content-center align-items-lg-stretch align-items-md-stretch align-items-stretch gutters-col-lg-2 gutters-col-md-2 gutters-col-0 gutters-col-v-lg-2 gutters-col-v-md-2 gutters-col-v-2\">\r\n          <!---->\r\n          <div class=\"h-column h-column-container d-flex h-col-lg-auto h-col-md-auto h-col-auto style-1796-outer style-local-1648-c37-outer\">\r\n            <div data-colibri-id=\"1648-c37\" class=\"d-flex h-flex-basis h-column__inner h-px-lg-2 h-px-md-2 h-px-2 v-inner-lg-2 v-inner-md-2 v-inner-2 style-1796 style-local-1648-c37 position-relative\">\r\n              <!---->\r\n              <!---->\r\n              <div class=\"w-100 h-y-container h-column__content h-column__v-align flex-basis-100 align-self-lg-start align-self-md-start align-self-start\">\r\n                <!---->\r\n                <div data-colibri-id=\"1648-c38\" class=\"style-1797 style-local-1648-c38 position-relative h-element\">\r\n                  <!---->\r\n                  <div class=\"\"><div class=\"forminator-ui forminator-custom-form forminator-custom-form-1748 forminator-design--default  forminator_ajax\" data-forminator-render=\"0\" data-form=\"forminator-module-1748\" data-uid=\"69e44bcd905b3\"><br\/><\/div><form\n\t\t\t\tid=\"forminator-module-1748\"\n\t\t\t\tclass=\"forminator-ui forminator-custom-form forminator-custom-form-1748 forminator-design--default  forminator_ajax\"\n\t\t\t\tmethod=\"post\"\n\t\t\t\tdata-forminator-render=\"0\"\n\t\t\t\tdata-form-id=\"1748\"\n\t\t\t\t data-color-option=\"default\" data-design=\"default\" data-grid=\"open\" style=\"display: none;\"\n\t\t\t\tdata-uid=\"69e44bcd905b3\"\n\t\t\t><div role=\"alert\" aria-live=\"polite\" class=\"forminator-response-message forminator-error\" aria-hidden=\"true\"><\/div><div class=\"forminator-row\"><div id=\"name-1\" class=\"forminator-field-name forminator-col forminator-col-12 \"><div class=\"forminator-field\"><label for=\"forminator-field-name-1_69e44bcd905b3\" id=\"forminator-field-name-1_69e44bcd905b3-label\" class=\"forminator-label\">Votre nom et pr\u00e9nom <span class=\"forminator-required\">*<\/span><\/label><input type=\"text\" name=\"name-1\" value=\"\" placeholder=\"Par exemple\u00a0: Jacques Martin\" id=\"forminator-field-name-1_69e44bcd905b3\" class=\"forminator-input forminator-name--field\" aria-required=\"true\" autocomplete=\"name\" \/><\/div><\/div><\/div><div class=\"forminator-row\"><div id=\"email-1\" class=\"forminator-field-email forminator-col forminator-col-12 \"><div class=\"forminator-field\"><label for=\"forminator-field-email-1_69e44bcd905b3\" id=\"forminator-field-email-1_69e44bcd905b3-label\" class=\"forminator-label\">Adresse de messagerie <span class=\"forminator-required\">*<\/span><\/label><input type=\"email\" name=\"email-1\" value=\"\" placeholder=\"Par exemple\u00a0: jacques@martin.com\" id=\"forminator-field-email-1_69e44bcd905b3\" class=\"forminator-input forminator-email--field\" data-required=\"1\" aria-required=\"true\" autocomplete=\"email\" \/><\/div><\/div><\/div><div class=\"forminator-row\"><div id=\"phone-1\" class=\"forminator-field-phone forminator-col forminator-col-12 \"><div class=\"forminator-field\"><label for=\"forminator-field-phone-1_69e44bcd905b3\" id=\"forminator-field-phone-1_69e44bcd905b3-label\" class=\"forminator-label\">T\u00e9l\u00e9phone <span class=\"forminator-required\">*<\/span><\/label><input type=\"text\" name=\"phone-1\" value=\"\" placeholder=\"Par exemple\u00a0: +1 02 03 05 06\" id=\"forminator-field-phone-1_69e44bcd905b3\" class=\"forminator-input forminator-field--phone\" data-required=\"1\" aria-required=\"true\" autocomplete=\"off\" data-national_mode=\"disabled\" data-country=\"be\" data-validation=\"international\" \/><\/div><\/div><\/div><div class=\"forminator-row\"><div id=\"address-1\" class=\"forminator-field-address forminator-col forminator-col-12 \"><div class=\"forminator-row\"><div id=\"address-1-street_address\" class=\"forminator-col\"><div class=\"forminator-field\"><label for=\"forminator-field-address-1-street_address_69e44bcd905b3\" id=\"forminator-field-address-1-street_address_69e44bcd905b3-label\" class=\"forminator-label\">Rue et num\u00e9ro <span class=\"forminator-required\">*<\/span><\/label><input type=\"text\" name=\"address-1-street_address\" placeholder=\"Par exemple\u00a0: 10 grande rue\" id=\"forminator-field-address-1-street_address_69e44bcd905b3\" class=\"forminator-input\" data-required=\"1\" aria-required=\"true\" autocomplete=\"address-line1\" value=\"\" \/><\/div><\/div><\/div><div class=\"forminator-row\" data-multiple=\"false\"><div id=\"address-1-city\" class=\"forminator-col forminator-col-12\"><div class=\"forminator-field\"><label for=\"forminator-field-address-1-city_69e44bcd905b3\" id=\"forminator-field-address-1-city_69e44bcd905b3-label\" class=\"forminator-label\">Ville <span class=\"forminator-required\">*<\/span><\/label><input type=\"text\" name=\"address-1-city\" placeholder=\"Par exemple\u00a0: Ciney\" id=\"forminator-field-address-1-city_69e44bcd905b3\" class=\"forminator-input\" data-required=\"1\" aria-required=\"true\" autocomplete=\"address-level2\" value=\"\" \/><\/div><\/div><\/div><div class=\"forminator-row\" data-multiple=\"false\"><div id=\"address-1-zip\" class=\"forminator-col forminator-col-12\"><div class=\"forminator-field\"><label for=\"forminator-field-address-1-zip_69e44bcd905b3\" id=\"forminator-field-address-1-zip_69e44bcd905b3-label\" class=\"forminator-label\">Code postal <span class=\"forminator-required\">*<\/span><\/label><input type=\"text\" name=\"address-1-zip\" placeholder=\"Par exemple\u00a0: 5590\" id=\"forminator-field-address-1-zip_69e44bcd905b3\" class=\"forminator-input\" autocomplete=\"postal-code\" value=\"\" \/><\/div><\/div><\/div><\/div><\/div><div class=\"forminator-row\"><div id=\"textarea-1\" class=\"forminator-field-textarea forminator-col forminator-col-12 \"><div class=\"forminator-field\"><label for=\"forminator-field-textarea-1_69e44bcd905b3\" id=\"forminator-field-textarea-1_69e44bcd905b3-label\" class=\"forminator-label\">Votre message <span class=\"forminator-required\">*<\/span><\/label><div id=\"wp-forminator-wp-editor-forminator-field-textarea-1_69e44bcd905b3-wrap\" class=\"wp-core-ui wp-editor-wrap html-active\"><link rel='stylesheet' id='dashicons-css' href='https:\/\/centrefunerairecouckhuyt.be\/wp-includes\/css\/dashicons.min.css' type='text\/css' media='all' \/>\n<link rel='stylesheet' id='editor-buttons-css' href='https:\/\/centrefunerairecouckhuyt.be\/wp-includes\/css\/editor.min.css' type='text\/css' media='all' \/>\n<div id=\"wp-forminator-wp-editor-forminator-field-textarea-1_69e44bcd905b3-editor-container\" class=\"wp-editor-container\"><textarea class=\"forminator-textarea do-validate forminator-wp-editor-required wp-editor-area\" style=\"height: 200px\" cols=\"40\" name=\"textarea-1\" id=\"forminator-wp-editor-forminator-field-textarea-1_69e44bcd905b3\"><\/textarea><\/div>\n<\/div>\n\n<\/div><\/div><\/div><div class=\"forminator-row\"><\/div><input type=\"hidden\" name=\"referer_url\" value=\"\" \/><div class=\"forminator-row forminator-row-last\"><div class=\"forminator-col\"><div class=\"forminator-field\"><button class=\"forminator-button forminator-button-submit\">Envoyer le message<\/button><\/div><\/div><\/div><input type=\"hidden\" id=\"forminator_nonce\" name=\"forminator_nonce\" value=\"56ce0a0504\" \/><input type=\"hidden\" name=\"_wp_http_referer\" value=\"\/index.php\/wp-json\/wp\/v2\/pages\/1648\" \/><input type=\"hidden\" name=\"form_id\" value=\"1748\"><input type=\"hidden\" name=\"page_id\" value=\"1648\"><input type=\"hidden\" name=\"form_type\" value=\"default\"><input type=\"hidden\" name=\"current_url\" value=\"https:\/\/centrefunerairecouckhuyt.be\/index.php\/condoleances\/\"><input type=\"hidden\" name=\"render_id\" value=\"0\"><input type=\"hidden\" name=\"action\" value=\"forminator_submit_form_custom-forms\"><\/form><\/div>\r\n                <\/div>\r\n              <\/div>\r\n            <\/div>\r\n          <\/div>\r\n        <\/div>\r\n      <\/div>\r\n    <\/div>\r\n  <\/div>\r\n<\/div>","protected":false},"excerpt":{"rendered":"<p>Monsieur Jean-Pierre LADRIERE Epoux de Madame Juliette DESTANCHES Lieu de repos Funerarium Couckhuyt Chauss\u00e9e de Renaix 161 7912 Frasnes-Lez-Anvaing C\u00e9r\u00e9monie Eglise Saint-Pierre \u00e0 Renaix Le lundi 27 mars 2022 \u00e0 11h00 Visites Samedi 25 mars de 17h00 \u00e0 19h00 Dimanche 26 mars de 17h00 \u00e0 19h00 R\u00e9union Fun\u00e9rarium Couckhuyt Le lundi 27 mars 2022 \u00e0 [&hellip;]<\/p>\n","protected":false},"author":1,"featured_media":0,"parent":0,"menu_order":0,"comment_status":"closed","ping_status":"closed","template":"page-templates\/defunt.php","meta":{"om_disable_all_campaigns":false,"_monsterinsights_skip_tracking":false,"_monsterinsights_sitenote_active":false,"_monsterinsights_sitenote_note":"","_monsterinsights_sitenote_category":0,"footnotes":""},"class_list":["post-1648","page","type-page","status-publish","hentry"],"aioseo_notices":[],"_links":{"self":[{"href":"https:\/\/centrefunerairecouckhuyt.be\/index.php\/wp-json\/wp\/v2\/pages\/1648","targetHints":{"allow":["GET"]}}],"collection":[{"href":"https:\/\/centrefunerairecouckhuyt.be\/index.php\/wp-json\/wp\/v2\/pages"}],"about":[{"href":"https:\/\/centrefunerairecouckhuyt.be\/index.php\/wp-json\/wp\/v2\/types\/page"}],"author":[{"embeddable":true,"href":"https:\/\/centrefunerairecouckhuyt.be\/index.php\/wp-json\/wp\/v2\/users\/1"}],"replies":[{"embeddable":true,"href":"https:\/\/centrefunerairecouckhuyt.be\/index.php\/wp-json\/wp\/v2\/comments?post=1648"}],"version-history":[{"count":3,"href":"https:\/\/centrefunerairecouckhuyt.be\/index.php\/wp-json\/wp\/v2\/pages\/1648\/revisions"}],"predecessor-version":[{"id":1751,"href":"https:\/\/centrefunerairecouckhuyt.be\/index.php\/wp-json\/wp\/v2\/pages\/1648\/revisions\/1751"}],"wp:attachment":[{"href":"https:\/\/centrefunerairecouckhuyt.be\/index.php\/wp-json\/wp\/v2\/media?parent=1648"}],"curies":[{"name":"wp","href":"https:\/\/api.w.org\/{rel}","templated":true}]}}